{"id":23,"date":"2025-01-27T16:58:05","date_gmt":"2025-01-27T15:58:05","guid":{"rendered":"https:\/\/env2.m-intra.ovh\/?page_id=23"},"modified":"2025-02-18T11:29:38","modified_gmt":"2025-02-18T10:29:38","slug":"blog","status":"publish","type":"page","link":"https:\/\/env2.m-intra.ovh\/index.php\/a-propos-de\/blog\/","title":{"rendered":"Notre m\u00e9tier"},"content":{"rendered":"\n<div class=\"wp-block-group is-vertical is-content-justification-right is-nowrap is-layout-flex wp-container-core-group-is-layout-be95414c wp-block-group-is-layout-flex\">\n<p class=\"has-text-align-right has-text-color\" style=\"color:#e5683a;font-size:140px;font-style:normal;font-weight:800;letter-spacing:-6px;line-height:0.8;text-transform:uppercase\"><mark style=\"background-color:rgba(0, 0, 0, 0)\" class=\"has-inline-color has-black-color\">MEIKO<\/mark><\/p>\n\n\n\n<p class=\"has-text-align-right has-text-color\" style=\"color:#e5683a;font-size:130px;font-style:normal;font-weight:800;letter-spacing:-6px;line-height:0.8;text-transform:uppercase\"><mark style=\"background-color:rgba(0, 0, 0, 0)\" class=\"has-inline-color has-black-color\">FRANCE<\/mark><\/p>\n\n\n\n<p class=\"has-text-align-right has-text-color\" style=\"color:#d09c9c;font-size:90px;font-style:normal;font-weight:800;letter-spacing:0px;line-height:1;text-transform:uppercase\"><mark style=\"background-color:rgba(0, 0, 0, 0)\" class=\"has-inline-color has-vivid-cyan-blue-color\">NOTRE<\/mark><\/p>\n\n\n\n<p class=\"has-text-align-right has-text-color\" style=\"color:#e59937;font-size:90px;font-style:normal;font-weight:800;letter-spacing:0px;line-height:0.8;text-transform:uppercase\"><mark style=\"background-color:rgba(0, 0, 0, 0)\" class=\"has-inline-color has-vivid-cyan-blue-color\">m\u00e9tier<\/mark><\/p>\n\n\n\n<p class=\"has-text-align-right has-text-color\" style=\"color:#e59937;font-size:90px;font-style:normal;font-weight:800;letter-spacing:0px;line-height:1;text-transform:uppercase\"><mark style=\"background-color:rgba(0, 0, 0, 0)\" class=\"has-inline-color has-black-color\">WILKOMMEN<\/mark><\/p>\n<\/div>\n\n\n\n<hr class=\"wp-block-separator aligncenter has-alpha-channel-opacity is-style-wide\"\/>\n\n\n\n<p>MEIKO fabrique et commercialise des solutions de lavages et de d\u00e9sinfection pour les professionnels dans 3 domaines : <\/p>\n\n\n\n<p><strong><mark style=\"background-color:rgba(0, 0, 0, 0)\" class=\"has-inline-color has-vivid-cyan-blue-color\">La gamme \u00ab\u00a0Restauration\u00a0\u00bb <\/mark><\/strong>comporte une large gamme de lave-vaisselle stationnaires et \u00e0 avancement automatique pour la restauration commerciale, collective et les centres de lavage industriels li\u00e9s \u00e0 la transformation des usages et au r\u00e9emploi.<br>Nos clients peuvent \u00eatre : <br>&#8211; Le monde de l&rsquo;h\u00f4tellerie <br>&#8211; La restauration collective publique ou priv\u00e9e <br>&#8211; Les m\u00e9tiers de bouche (boulangerie, boucherie, p\u00e2tisserie et charcuterie, et d&rsquo;autres encore)<br>&#8211; L&rsquo;industrie alimentaire<\/p>\n\n\n<div class=\"wp-block-image\">\n<figure class=\"aligncenter size-large\"><a href=\"https:\/\/www.meiko.com\/fr-fr\/produits\/lave-vaisselle-professionnel\/frontaux\"><img loading=\"lazy\" decoding=\"async\" width=\"1024\" height=\"564\" src=\"https:\/\/env2.m-intra.ovh\/wp-content\/uploads\/2025\/02\/image-1024x564.png\" alt=\"\" class=\"wp-image-165\" srcset=\"https:\/\/env2.m-intra.ovh\/wp-content\/uploads\/2025\/02\/image-1024x564.png 1024w, https:\/\/env2.m-intra.ovh\/wp-content\/uploads\/2025\/02\/image-300x165.png 300w, https:\/\/env2.m-intra.ovh\/wp-content\/uploads\/2025\/02\/image-768x423.png 768w, https:\/\/env2.m-intra.ovh\/wp-content\/uploads\/2025\/02\/image.png 1201w\" sizes=\"auto, (max-width: 767px) 89vw, (max-width: 1000px) 54vw, (max-width: 1071px) 543px, 580px\" \/><\/a><\/figure>\n<\/div>\n\n\n<hr class=\"wp-block-separator has-alpha-channel-opacity\"\/>\n\n\n\n<p><strong><mark style=\"background-color:rgba(0, 0, 0, 0)\" class=\"has-inline-color has-vivid-cyan-blue-color\">La gamme \u00ab\u00a0Sant\u00e9\u00a0\u00bb<\/mark><\/strong> comporte des produits de lavage et de d\u00e9sinfection pour du mat\u00e9riel m\u00e9dical et ustensiles de soins pour les patients. <br>Nos clients peuvent \u00eatre : <br>&#8211; Les h\u00f4pitaux <br>&#8211; Les maisons m\u00e9dicalis\u00e9es<br>&#8211; Maisons de retraites<\/p>\n\n\n<div class=\"wp-block-image\">\n<figure class=\"aligncenter size-full\"><a href=\"https:\/\/www.meiko.com\/fr-fr\/produits\/lave-bassins\"><img loading=\"lazy\" decoding=\"async\" width=\"363\" height=\"680\" src=\"https:\/\/env2.m-intra.ovh\/wp-content\/uploads\/2025\/02\/image-1.png\" alt=\"\" class=\"wp-image-168\" srcset=\"https:\/\/env2.m-intra.ovh\/wp-content\/uploads\/2025\/02\/image-1.png 363w, https:\/\/env2.m-intra.ovh\/wp-content\/uploads\/2025\/02\/image-1-160x300.png 160w\" sizes=\"auto, (max-width: 363px) 100vw, 363px\" \/><\/a><\/figure>\n<\/div>\n\n\n<hr class=\"wp-block-separator has-alpha-channel-opacity\"\/>\n\n\n\n<p><mark style=\"background-color:rgba(0, 0, 0, 0)\" class=\"has-inline-color has-vivid-cyan-blue-color\"><strong>La gamme \u00ab\u00a0Gestion des biod\u00e9chets\u00a0\u00bb <\/strong><\/mark>propose des produits de collectes et de stockage de d\u00e9chets alimentaires pour leur revalorisation \u00e9cologique.<\/p>\n\n\n<div class=\"wp-block-image\">\n<figure class=\"aligncenter size-full\"><a href=\"https:\/\/www.meiko.com\/fr-fr\/produits\/systemes-de-traitement-des-biodechets\"><img loading=\"lazy\" decoding=\"async\" width=\"363\" height=\"626\" src=\"https:\/\/env2.m-intra.ovh\/wp-content\/uploads\/2025\/02\/image-2.png\" alt=\"\" class=\"wp-image-169\" srcset=\"https:\/\/env2.m-intra.ovh\/wp-content\/uploads\/2025\/02\/image-2.png 363w, https:\/\/env2.m-intra.ovh\/wp-content\/uploads\/2025\/02\/image-2-174x300.png 174w\" sizes=\"auto, (max-width: 363px) 100vw, 363px\" \/><\/a><\/figure>\n<\/div>\n\n\n<p><\/p>\n","protected":false},"excerpt":{"rendered":"<p>MEIKO FRANCE NOTRE m\u00e9tier WILKOMMEN MEIKO fabrique et commercialise des solutions de lavages et de d\u00e9sinfection pour les professionnels dans 3 domaines : La gamme \u00ab\u00a0Restauration\u00a0\u00bb comporte une large gamme de lave-vaisselle stationnaires et \u00e0 avancement automatique pour la restauration commerciale, collective et les centres de lavage industriels li\u00e9s \u00e0 la transformation des usages et &hellip; <\/p>\n<p class=\"link-more\"><a href=\"https:\/\/env2.m-intra.ovh\/index.php\/a-propos-de\/blog\/\" class=\"more-link\">Continuer la lecture<span class=\"screen-reader-text\"> de &laquo;&nbsp;Notre m\u00e9tier&nbsp;&raquo;<\/span><\/a><\/p>\n","protected":false},"author":2,"featured_media":208,"parent":21,"menu_order":0,"comment_status":"closed","ping_status":"closed","template":"","meta":{"footnotes":""},"class_list":["post-23","page","type-page","status-publish","has-post-thumbnail","hentry"],"_links":{"self":[{"href":"https:\/\/env2.m-intra.ovh\/index.php\/wp-json\/wp\/v2\/pages\/23","targetHints":{"allow":["GET"]}}],"collection":[{"href":"https:\/\/env2.m-intra.ovh\/index.php\/wp-json\/wp\/v2\/pages"}],"about":[{"href":"https:\/\/env2.m-intra.ovh\/index.php\/wp-json\/wp\/v2\/types\/page"}],"author":[{"embeddable":true,"href":"https:\/\/env2.m-intra.ovh\/index.php\/wp-json\/wp\/v2\/users\/2"}],"replies":[{"embeddable":true,"href":"https:\/\/env2.m-intra.ovh\/index.php\/wp-json\/wp\/v2\/comments?post=23"}],"version-history":[{"count":13,"href":"https:\/\/env2.m-intra.ovh\/index.php\/wp-json\/wp\/v2\/pages\/23\/revisions"}],"predecessor-version":[{"id":262,"href":"https:\/\/env2.m-intra.ovh\/index.php\/wp-json\/wp\/v2\/pages\/23\/revisions\/262"}],"up":[{"embeddable":true,"href":"https:\/\/env2.m-intra.ovh\/index.php\/wp-json\/wp\/v2\/pages\/21"}],"wp:featuredmedia":[{"embeddable":true,"href":"https:\/\/env2.m-intra.ovh\/index.php\/wp-json\/wp\/v2\/media\/208"}],"wp:attachment":[{"href":"https:\/\/env2.m-intra.ovh\/index.php\/wp-json\/wp\/v2\/media?parent=23"}],"curies":[{"name":"wp","href":"https:\/\/api.w.org\/{rel}","templated":true}]}}