{"id":229,"date":"2025-02-13T17:24:38","date_gmt":"2025-02-13T16:24:38","guid":{"rendered":"https:\/\/env2.m-intra.ovh\/?page_id=229"},"modified":"2025-02-20T11:33:22","modified_gmt":"2025-02-20T10:33:22","slug":"notre-processus-de-recrutement","status":"publish","type":"page","link":"https:\/\/env2.m-intra.ovh\/index.php\/a-propos-de\/notre-processus-de-recrutement\/","title":{"rendered":"Notre processus de recrutement"},"content":{"rendered":"\n<hr class=\"wp-block-separator has-css-opacity is-style-default\"\/>\n\n\n<div class=\"wp-block-image is-style-rounded\">\n<figure class=\"aligncenter size-full is-resized\"><img loading=\"lazy\" decoding=\"async\" width=\"5198\" height=\"4017\" src=\"https:\/\/env2.m-intra.ovh\/wp-content\/uploads\/2025\/02\/M_MEIKO_cyan.png\" alt=\"\" class=\"wp-image-247\" style=\"width:150px;height:150px\" srcset=\"https:\/\/env2.m-intra.ovh\/wp-content\/uploads\/2025\/02\/M_MEIKO_cyan.png 5198w, https:\/\/env2.m-intra.ovh\/wp-content\/uploads\/2025\/02\/M_MEIKO_cyan-300x232.png 300w, https:\/\/env2.m-intra.ovh\/wp-content\/uploads\/2025\/02\/M_MEIKO_cyan-1024x791.png 1024w, https:\/\/env2.m-intra.ovh\/wp-content\/uploads\/2025\/02\/M_MEIKO_cyan-768x594.png 768w, https:\/\/env2.m-intra.ovh\/wp-content\/uploads\/2025\/02\/M_MEIKO_cyan-1536x1187.png 1536w, https:\/\/env2.m-intra.ovh\/wp-content\/uploads\/2025\/02\/M_MEIKO_cyan-2048x1583.png 2048w\" sizes=\"auto, (max-width: 767px) 89vw, (max-width: 1000px) 54vw, (max-width: 1071px) 543px, 580px\" \/><\/figure>\n<\/div>\n\n\n<blockquote class=\"wp-block-quote has-text-align-center is-style-large is-layout-flow wp-block-quote-is-layout-flow\">\n<p>\u00ab&nbsp;Le recrutement, c&rsquo;est trouver l&rsquo;opportunit\u00e9 qui correspond \u00e0 la personne.&nbsp;\u00bb<\/p>\n<\/blockquote>\n\n\n\n<hr class=\"wp-block-separator has-css-opacity is-style-default\"\/>\n\n\n\n<p><\/p>\n\n\n\n<p><\/p>\n\n\n\n<hr class=\"wp-block-separator has-alpha-channel-opacity is-style-wide\"\/>\n\n\n\n<p><\/p>\n\n\n\n<div class=\"wp-block-columns alignwide is-layout-flex wp-container-core-columns-is-layout-829b1d53 wp-block-columns-is-layout-flex\" style=\"margin-bottom:0\">\n<div class=\"wp-block-column is-vertically-aligned-stretch has-cyan-bluish-gray-background-color has-text-color has-background has-link-color wp-elements-becb80bfa63ffe0693ff0678a1d68fc1 is-layout-flow wp-block-column-is-layout-flow\" style=\"color:#000000;padding-top:2em;padding-right:2em;padding-bottom:2em;padding-left:2em\">\n<p class=\"has-text-align-center\"><br><strong>#Entretien n\u00b01<\/strong><\/p>\n\n\n\n<hr class=\"wp-block-separator has-text-color has-black-color has-alpha-channel-opacity has-black-background-color has-background\"\/>\n\n\n\n<p class=\"has-text-align-center has-normal-font-size\" style=\"line-height:1.5\"><strong>Echange court par t\u00e9l\u00e9phone avec le service RH<\/strong>                      <br><\/p>\n\n\n\n<hr class=\"wp-block-separator aligncenter has-text-color has-css-opacity has-background is-style-default\" style=\"background-color:#000000;color:#000000\"\/>\n\n\n\n<ul class=\"wp-block-list has-normal-font-size\">\n<li>Synth\u00e8se de votre parcours <\/li>\n\n\n\n<li>Nos conditions imparables sur le postes<\/li>\n\n\n\n<li>Notre compatibilit\u00e9 salariale<\/li>\n<\/ul>\n\n\n\n<hr class=\"wp-block-separator has-text-color has-black-color has-alpha-channel-opacity has-black-background-color has-background\"\/>\n\n\n\n<div class=\"wp-block-buttons alignfull is-horizontal is-content-justification-center is-layout-flex wp-container-core-buttons-is-layout-499968f5 wp-block-buttons-is-layout-flex\">\n<div class=\"wp-block-button is-style-fill\"><a class=\"wp-block-button__link wp-element-button\" href=\"https:\/\/env2.m-intra.ovh\/index.php\/offres-demploi\/\">Voir nos offres<\/a><\/div>\n<\/div>\n<\/div>\n\n\n\n<div class=\"wp-block-column is-vertically-aligned-stretch has-vivid-cyan-blue-background-color has-text-color has-background has-link-color wp-elements-44145268642a74a6c00bbc6f03bf1808 is-layout-flow wp-block-column-is-layout-flow\" style=\"color:#000000;padding-top:2em;padding-right:2em;padding-bottom:2em;padding-left:2em\">\n<p class=\"has-text-align-center\"><br><strong>#Entretien n\u00b02 <\/strong><\/p>\n\n\n\n<hr class=\"wp-block-separator has-text-color has-black-color has-alpha-channel-opacity has-black-background-color has-background is-style-default\"\/>\n\n\n\n<p class=\"has-text-align-center has-normal-font-size\" style=\"line-height:1.5\"><strong>Rencontre en visio ou en pr\u00e9sentiel avec RH et Manager<\/strong><\/p>\n\n\n\n<hr class=\"wp-block-separator has-text-color has-black-color has-alpha-channel-opacity has-black-background-color has-background\"\/>\n\n\n\n<ul class=\"wp-block-list has-normal-font-size\">\n<li>Compr\u00e9hension de votre parcours et de nos attentes<\/li>\n\n\n\n<li>Vos comp\u00e9tences techniques <\/li>\n\n\n\n<li>Notre projection sur un partenariat     <br><br><\/li>\n<\/ul>\n\n\n\n<hr class=\"wp-block-separator has-text-color has-black-color has-alpha-channel-opacity has-black-background-color has-background\"\/>\n\n\n\n<div class=\"wp-block-buttons alignfull is-horizontal is-content-justification-center is-layout-flex wp-container-core-buttons-is-layout-499968f5 wp-block-buttons-is-layout-flex\">\n<div class=\"wp-block-button\"><a class=\"wp-block-button__link wp-element-button\" href=\"https:\/\/env2.m-intra.ovh\/index.php\/offres-demploi\/\">Voir nos offres<\/a><\/div>\n<\/div>\n<\/div>\n\n\n\n<div class=\"wp-block-column is-vertically-aligned-stretch has-pale-cyan-blue-background-color has-text-color has-background has-link-color wp-elements-bbbfb3cae50516714edc767060a25c96 is-layout-flow wp-block-column-is-layout-flow\" style=\"color:#000000;padding-top:2em;padding-right:2em;padding-bottom:2em;padding-left:2em\">\n<p class=\"has-text-align-center\"><br><strong>#Test<\/strong> <strong>n\u00b03<\/strong><\/p>\n\n\n\n<hr class=\"wp-block-separator has-text-color has-black-color has-alpha-channel-opacity has-black-background-color has-background\"\/>\n\n\n\n<p class=\"has-text-align-center has-normal-font-size\"><strong>Pr\u00e9s\u00e9lectionn\u00e9, on vous propose un test de personnalit\u00e9<\/strong><\/p>\n\n\n\n<hr class=\"wp-block-separator has-text-color has-black-color has-alpha-channel-opacity has-black-background-color has-background is-style-default\"\/>\n\n\n\n<ul class=\"wp-block-list has-normal-font-size\">\n<li>Vous connaitre diff\u00e9remment <\/li>\n\n\n\n<li>Connaitre votre compatibilit\u00e9 avec l&rsquo;\u00e9quipe et le manager<br><br><\/li>\n<\/ul>\n\n\n\n<hr class=\"wp-block-separator has-text-color has-black-color has-alpha-channel-opacity has-black-background-color has-background\"\/>\n\n\n\n<div class=\"wp-block-buttons alignfull is-horizontal is-content-justification-center is-layout-flex wp-container-core-buttons-is-layout-499968f5 wp-block-buttons-is-layout-flex\">\n<div class=\"wp-block-button\"><a class=\"wp-block-button__link wp-element-button\" href=\"https:\/\/env2.m-intra.ovh\/index.php\/offres-demploi\/\">Voir nos offres<\/a><\/div>\n<\/div>\n<\/div>\n<\/div>\n\n\n\n\n\n<hr class=\"wp-block-separator has-text-color has-black-color has-alpha-channel-opacity has-black-background-color has-background is-style-wide\"\/>\n\n\n\n<h2 class=\"wp-block-heading has-text-align-center has-black-color has-text-color has-link-color has-large-font-size wp-elements-e0bcb4112befc992190cbc47dcb69639\"><strong>L&rsquo;\u00e9quipe de recrutement <\/strong><\/h2>\n\n\n\n<div class=\"wp-block-columns is-layout-flex wp-container-core-columns-is-layout-9d6595d7 wp-block-columns-is-layout-flex\">\n<div class=\"wp-block-column is-layout-flow wp-block-column-is-layout-flow\">\n<div class=\"wp-block-cover\" style=\"min-height:466px;aspect-ratio:unset;\"><span aria-hidden=\"true\" class=\"wp-block-cover__background has-background-dim\"><\/span><img loading=\"lazy\" decoding=\"async\" width=\"800\" height=\"800\" class=\"wp-block-cover__image-background wp-image-252\" alt=\"\" src=\"https:\/\/env2.m-intra.ovh\/wp-content\/uploads\/2025\/02\/824ad8f4-d51f-4fbd-8729-c6545f13694a-1.jpg\" data-object-fit=\"cover\" srcset=\"https:\/\/env2.m-intra.ovh\/wp-content\/uploads\/2025\/02\/824ad8f4-d51f-4fbd-8729-c6545f13694a-1.jpg 800w, https:\/\/env2.m-intra.ovh\/wp-content\/uploads\/2025\/02\/824ad8f4-d51f-4fbd-8729-c6545f13694a-1-300x300.jpg 300w, https:\/\/env2.m-intra.ovh\/wp-content\/uploads\/2025\/02\/824ad8f4-d51f-4fbd-8729-c6545f13694a-1-150x150.jpg 150w, https:\/\/env2.m-intra.ovh\/wp-content\/uploads\/2025\/02\/824ad8f4-d51f-4fbd-8729-c6545f13694a-1-768x768.jpg 768w, https:\/\/env2.m-intra.ovh\/wp-content\/uploads\/2025\/02\/824ad8f4-d51f-4fbd-8729-c6545f13694a-1-100x100.jpg 100w\" sizes=\"auto, (max-width: 767px) 89vw, (max-width: 1000px) 54vw, (max-width: 1071px) 543px, 580px\" \/><div class=\"wp-block-cover__inner-container is-layout-flow wp-block-cover-is-layout-flow\">\n<p class=\"has-text-align-right has-medium-font-size\"><br><br><br><br><br><br><br><br><br>Victoria<br>Domingues<\/p>\n\n\n\n<p class=\"has-text-align-right has-small-font-size\">Assistante RH<\/p>\n<\/div><\/div>\n<\/div>\n\n\n\n<div class=\"wp-block-column is-layout-flow wp-block-column-is-layout-flow\">\n<div class=\"wp-block-cover\" style=\"min-height:466px;aspect-ratio:unset;\"><span aria-hidden=\"true\" class=\"wp-block-cover__background has-background-dim\" style=\"background-color:#606166\"><\/span><img loading=\"lazy\" decoding=\"async\" width=\"682\" height=\"1080\" class=\"wp-block-cover__image-background wp-image-254\" alt=\"\" src=\"http:\/\/env2.m-intra.ovh\/wp-content\/uploads\/2025\/02\/image-nb-sbpng.png\" data-object-fit=\"cover\" srcset=\"https:\/\/env2.m-intra.ovh\/wp-content\/uploads\/2025\/02\/image-nb-sbpng.png 682w, https:\/\/env2.m-intra.ovh\/wp-content\/uploads\/2025\/02\/image-nb-sbpng-189x300.png 189w, https:\/\/env2.m-intra.ovh\/wp-content\/uploads\/2025\/02\/image-nb-sbpng-647x1024.png 647w\" sizes=\"auto, (max-width: 682px) 100vw, 682px\" \/><div class=\"wp-block-cover__inner-container is-layout-flow wp-block-cover-is-layout-flow\">\n<p class=\"has-text-align-right has-medium-font-size\"><br><br><br><br><br><br><br><br>Sabrina <br>Bouissou<\/p>\n\n\n\n<p class=\"has-text-align-right has-small-font-size\">Directrice RH<\/p>\n<\/div><\/div>\n<\/div>\n\n\n\n<div class=\"wp-block-column is-layout-flow wp-block-column-is-layout-flow\">\n<div class=\"wp-block-cover has-custom-content-position is-position-bottom-right\" style=\"min-height:466px;aspect-ratio:unset;\"><span aria-hidden=\"true\" class=\"wp-block-cover__background has-background-dim\"><\/span><img loading=\"lazy\" decoding=\"async\" width=\"291\" height=\"368\" class=\"wp-block-cover__image-background wp-image-249\" alt=\"\" src=\"http:\/\/env2.m-intra.ovh\/wp-content\/uploads\/2025\/02\/Image1.jpg\" data-object-fit=\"cover\" srcset=\"https:\/\/env2.m-intra.ovh\/wp-content\/uploads\/2025\/02\/Image1.jpg 291w, https:\/\/env2.m-intra.ovh\/wp-content\/uploads\/2025\/02\/Image1-237x300.jpg 237w\" sizes=\"auto, (max-width: 291px) 100vw, 291px\" \/><div class=\"wp-block-cover__inner-container is-layout-flow wp-block-cover-is-layout-flow\">\n<p class=\"has-text-align-right has-medium-font-size\"><br><br><br><br><br><br><br><br><br>Victoria <br>Martinez<\/p>\n\n\n\n<p class=\"has-text-align-right has-small-font-size\">Charg\u00e9e RH<\/p>\n<\/div><\/div>\n<\/div>\n<\/div>\n\n\n\n<hr class=\"wp-block-separator has-alpha-channel-opacity is-style-wide\"\/>\n","protected":false},"excerpt":{"rendered":"<p>\u00ab&nbsp;Le recrutement, c&rsquo;est trouver l&rsquo;opportunit\u00e9 qui correspond \u00e0 la personne.&nbsp;\u00bb #Entretien n\u00b01 Echange court par t\u00e9l\u00e9phone avec le service RH #Entretien n\u00b02 Rencontre en visio ou en pr\u00e9sentiel avec RH et Manager #Test n\u00b03 Pr\u00e9s\u00e9lectionn\u00e9, on vous propose un test de personnalit\u00e9 L&rsquo;\u00e9quipe de recrutement<\/p>\n","protected":false},"author":2,"featured_media":0,"parent":21,"menu_order":0,"comment_status":"closed","ping_status":"closed","template":"","meta":{"footnotes":""},"class_list":["post-229","page","type-page","status-publish","hentry"],"_links":{"self":[{"href":"https:\/\/env2.m-intra.ovh\/index.php\/wp-json\/wp\/v2\/pages\/229","targetHints":{"allow":["GET"]}}],"collection":[{"href":"https:\/\/env2.m-intra.ovh\/index.php\/wp-json\/wp\/v2\/pages"}],"about":[{"href":"https:\/\/env2.m-intra.ovh\/index.php\/wp-json\/wp\/v2\/types\/page"}],"author":[{"embeddable":true,"href":"https:\/\/env2.m-intra.ovh\/index.php\/wp-json\/wp\/v2\/users\/2"}],"replies":[{"embeddable":true,"href":"https:\/\/env2.m-intra.ovh\/index.php\/wp-json\/wp\/v2\/comments?post=229"}],"version-history":[{"count":19,"href":"https:\/\/env2.m-intra.ovh\/index.php\/wp-json\/wp\/v2\/pages\/229\/revisions"}],"predecessor-version":[{"id":267,"href":"https:\/\/env2.m-intra.ovh\/index.php\/wp-json\/wp\/v2\/pages\/229\/revisions\/267"}],"up":[{"embeddable":true,"href":"https:\/\/env2.m-intra.ovh\/index.php\/wp-json\/wp\/v2\/pages\/21"}],"wp:attachment":[{"href":"https:\/\/env2.m-intra.ovh\/index.php\/wp-json\/wp\/v2\/media?parent=229"}],"curies":[{"name":"wp","href":"https:\/\/api.w.org\/{rel}","templated":true}]}}