{"id":21,"date":"2025-01-27T16:58:05","date_gmt":"2025-01-27T15:58:05","guid":{"rendered":"https:\/\/env2.m-intra.ovh\/?page_id=21"},"modified":"2025-02-10T12:02:47","modified_gmt":"2025-02-10T11:02:47","slug":"a-propos-de","status":"publish","type":"page","link":"https:\/\/env2.m-intra.ovh\/index.php\/a-propos-de\/","title":{"rendered":"\u00c0 propos de MEIKO France"},"content":{"rendered":"\n<p><\/p>\n\n\n\n<p class=\"has-text-align-center has-large-font-size\"><strong><mark style=\"background-color:rgba(0, 0, 0, 0)\" class=\"has-inline-color has-vivid-cyan-blue-color\">MEIKO France &#8211; The Clean solution<\/mark><\/strong><\/p>\n\n\n<div class=\"wp-block-image\">\n<figure class=\"aligncenter size-full\"><img loading=\"lazy\" decoding=\"async\" width=\"400\" height=\"400\" src=\"http:\/\/env2.m-intra.ovh\/wp-content\/uploads\/2025\/02\/logo.jpeg\" alt=\"\" class=\"wp-image-65\" style=\"aspect-ratio:16\/9;object-fit:cover\" srcset=\"https:\/\/env2.m-intra.ovh\/wp-content\/uploads\/2025\/02\/logo.jpeg 400w, https:\/\/env2.m-intra.ovh\/wp-content\/uploads\/2025\/02\/logo-300x300.jpeg 300w, https:\/\/env2.m-intra.ovh\/wp-content\/uploads\/2025\/02\/logo-150x150.jpeg 150w, https:\/\/env2.m-intra.ovh\/wp-content\/uploads\/2025\/02\/logo-100x100.jpeg 100w\" sizes=\"auto, (max-width: 400px) 100vw, 400px\" \/><\/figure>\n<\/div>\n\n\n<p class=\"has-text-align-center\">MEIKO Fort de ses 95 ans d\u2019exp\u00e9rience, MEIKO s\u2019inscrit comme l\u2019un des leaders du march\u00e9 du lavage et de d\u00e9sinfection professionnel.<\/p>\n\n\n\n<p class=\"has-text-align-center\">MEIKO est une marque Allemande, premium, dot\u00e9e d\u2019une expertise pointue et jouissant d\u2019une forte capacit\u00e9 d\u2019innovation. <br>Gr\u00e2ce \u00e0 son statut de fondation, MEIKO d\u00e9veloppe des valeurs humaines et professionnelles fortes, la Responsabilit\u00e9 Soci\u00e9tale des Entreprises fait partie de notre ADN car nos solutions et nos relations avec nos clients et partenaires s\u2019inscrivent dans la dur\u00e9e, r\u00e9pondent aux d\u00e9fis de demain et sont respectueuses de l\u2019environnement.<\/p>\n\n\n\n<p class=\"has-text-align-center\">Nous sommes pr\u00e9sent sur chacun des continents, chaque filiale a son ind\u00e9pendance de gestion tout en garantissant le savoir faire et les valeurs de MEIKO Group !<\/p>\n\n\n\n<p><\/p>\n","protected":false},"excerpt":{"rendered":"<p>MEIKO France &#8211; The Clean solution MEIKO Fort de ses 95 ans d\u2019exp\u00e9rience, MEIKO s\u2019inscrit comme l\u2019un des leaders du march\u00e9 du lavage et de d\u00e9sinfection professionnel. MEIKO est une marque Allemande, premium, dot\u00e9e d\u2019une expertise pointue et jouissant d\u2019une forte capacit\u00e9 d\u2019innovation. Gr\u00e2ce \u00e0 son statut de fondation, MEIKO d\u00e9veloppe des valeurs humaines et &hellip; <\/p>\n<p class=\"link-more\"><a href=\"https:\/\/env2.m-intra.ovh\/index.php\/a-propos-de\/\" class=\"more-link\">Continuer la lecture<span class=\"screen-reader-text\"> de &laquo;&nbsp;\u00c0 propos de MEIKO France&nbsp;&raquo;<\/span><\/a><\/p>\n","protected":false},"author":2,"featured_media":211,"parent":0,"menu_order":0,"comment_status":"closed","ping_status":"closed","template":"","meta":{"footnotes":""},"class_list":["post-21","page","type-page","status-publish","has-post-thumbnail","hentry"],"_links":{"self":[{"href":"https:\/\/env2.m-intra.ovh\/index.php\/wp-json\/wp\/v2\/pages\/21","targetHints":{"allow":["GET"]}}],"collection":[{"href":"https:\/\/env2.m-intra.ovh\/index.php\/wp-json\/wp\/v2\/pages"}],"about":[{"href":"https:\/\/env2.m-intra.ovh\/index.php\/wp-json\/wp\/v2\/types\/page"}],"author":[{"embeddable":true,"href":"https:\/\/env2.m-intra.ovh\/index.php\/wp-json\/wp\/v2\/users\/2"}],"replies":[{"embeddable":true,"href":"https:\/\/env2.m-intra.ovh\/index.php\/wp-json\/wp\/v2\/comments?post=21"}],"version-history":[{"count":16,"href":"https:\/\/env2.m-intra.ovh\/index.php\/wp-json\/wp\/v2\/pages\/21\/revisions"}],"predecessor-version":[{"id":207,"href":"https:\/\/env2.m-intra.ovh\/index.php\/wp-json\/wp\/v2\/pages\/21\/revisions\/207"}],"wp:featuredmedia":[{"embeddable":true,"href":"https:\/\/env2.m-intra.ovh\/index.php\/wp-json\/wp\/v2\/media\/211"}],"wp:attachment":[{"href":"https:\/\/env2.m-intra.ovh\/index.php\/wp-json\/wp\/v2\/media?parent=21"}],"curies":[{"name":"wp","href":"https:\/\/api.w.org\/{rel}","templated":true}]}}