{"id":20,"date":"2025-01-27T16:58:05","date_gmt":"2025-01-27T15:58:05","guid":{"rendered":"https:\/\/env2.m-intra.ovh\/?page_id=20"},"modified":"2025-02-10T11:40:46","modified_gmt":"2025-02-10T10:40:46","slug":"accueil","status":"publish","type":"page","link":"https:\/\/env2.m-intra.ovh\/","title":{"rendered":"Accueil"},"content":{"rendered":"\n<p class=\"has-text-align-center has-large-font-size\"><strong><mark style=\"background-color:rgba(0, 0, 0, 0)\" class=\"has-inline-color has-vivid-cyan-blue-color\">Bienvenue sur notre site\u00a0carri\u00e8re MEIKO France<\/mark><\/strong><\/p>\n\n\n\n<p class=\"has-medium-font-size\">Vous trouverez toutes nos offres d&#8217;emplois sur toute la France !<\/p>\n\n\n\n<p>Nous proposons des offres sur nos fonctions support sur notre si\u00e8ge social situ\u00e9 \u00e0 Coll\u00e9gien (77) et sur nos fonctions terrain sur toute la France.  <\/p>\n\n\n\n<p>Allez d\u00e9couvrir toutes nos offres dans l&rsquo;onglet \u00ab\u00a0Offres d&#8217;emplois\u00a0\u00bb<\/p>\n\n\n\n<p><\/p>\n","protected":false},"excerpt":{"rendered":"<p>Bienvenue sur notre site\u00a0carri\u00e8re MEIKO France Vous trouverez toutes nos offres d&#8217;emplois sur toute la France ! Nous proposons des offres sur nos fonctions support sur notre si\u00e8ge social situ\u00e9 \u00e0 Coll\u00e9gien (77) et sur nos fonctions terrain sur toute la France. Allez d\u00e9couvrir toutes nos offres dans l&rsquo;onglet \u00ab\u00a0Offres d&#8217;emplois\u00a0\u00bb<\/p>\n","protected":false},"author":2,"featured_media":0,"parent":0,"menu_order":0,"comment_status":"closed","ping_status":"closed","template":"","meta":{"footnotes":""},"class_list":["post-20","page","type-page","status-publish","hentry"],"_links":{"self":[{"href":"https:\/\/env2.m-intra.ovh\/index.php\/wp-json\/wp\/v2\/pages\/20","targetHints":{"allow":["GET"]}}],"collection":[{"href":"https:\/\/env2.m-intra.ovh\/index.php\/wp-json\/wp\/v2\/pages"}],"about":[{"href":"https:\/\/env2.m-intra.ovh\/index.php\/wp-json\/wp\/v2\/types\/page"}],"author":[{"embeddable":true,"href":"https:\/\/env2.m-intra.ovh\/index.php\/wp-json\/wp\/v2\/users\/2"}],"replies":[{"embeddable":true,"href":"https:\/\/env2.m-intra.ovh\/index.php\/wp-json\/wp\/v2\/comments?post=20"}],"version-history":[{"count":6,"href":"https:\/\/env2.m-intra.ovh\/index.php\/wp-json\/wp\/v2\/pages\/20\/revisions"}],"predecessor-version":[{"id":195,"href":"https:\/\/env2.m-intra.ovh\/index.php\/wp-json\/wp\/v2\/pages\/20\/revisions\/195"}],"wp:attachment":[{"href":"https:\/\/env2.m-intra.ovh\/index.php\/wp-json\/wp\/v2\/media?parent=20"}],"curies":[{"name":"wp","href":"https:\/\/api.w.org\/{rel}","templated":true}]}}