{"id":135,"date":"2025-02-06T17:27:12","date_gmt":"2025-02-06T16:27:12","guid":{"rendered":"https:\/\/env2.m-intra.ovh\/?page_id=135"},"modified":"2025-02-18T11:29:47","modified_gmt":"2025-02-18T10:29:47","slug":"notre-histoire","status":"publish","type":"page","link":"https:\/\/env2.m-intra.ovh\/index.php\/a-propos-de\/notre-histoire\/","title":{"rendered":"Notre histoire"},"content":{"rendered":"\n<div class=\"wp-block-group is-vertical is-content-justification-right is-nowrap is-layout-flex wp-container-core-group-is-layout-be95414c wp-block-group-is-layout-flex\">\n<p class=\"has-text-align-right has-text-color\" style=\"color:#e5683a;font-size:140px;font-style:normal;font-weight:800;letter-spacing:-6px;line-height:0.8;text-transform:uppercase\"><mark style=\"background-color:rgba(0, 0, 0, 0)\" class=\"has-inline-color has-black-color\">MEIKO<\/mark><\/p>\n\n\n\n<p class=\"has-text-align-right has-text-color\" style=\"color:#e5683a;font-size:130px;font-style:normal;font-weight:800;letter-spacing:-6px;line-height:0.8;text-transform:uppercase\"><mark style=\"background-color:rgba(0, 0, 0, 0)\" class=\"has-inline-color has-black-color\">FRANCE<\/mark><\/p>\n\n\n\n<p class=\"has-text-align-right has-text-color\" style=\"color:#d09c9c;font-size:90px;font-style:normal;font-weight:800;letter-spacing:0px;line-height:1;text-transform:uppercase\"><mark style=\"background-color:rgba(0, 0, 0, 0)\" class=\"has-inline-color has-vivid-cyan-blue-color\">NOTRE<\/mark><\/p>\n\n\n\n<p class=\"has-text-align-right has-text-color\" style=\"color:#e59937;font-size:90px;font-style:normal;font-weight:800;letter-spacing:0px;line-height:0.8;text-transform:uppercase\"><mark style=\"background-color:rgba(0, 0, 0, 0)\" class=\"has-inline-color has-vivid-cyan-blue-color\">HISTOIRE<\/mark><\/p>\n\n\n\n<p class=\"has-text-align-right has-text-color\" style=\"color:#e59937;font-size:90px;font-style:normal;font-weight:800;letter-spacing:0px;line-height:1;text-transform:uppercase\"><mark style=\"background-color:rgba(0, 0, 0, 0)\" class=\"has-inline-color has-black-color\">WILKOMMEN<\/mark><\/p>\n<\/div>\n\n\n\n<div class=\"wp-block-cover is-light has-custom-content-position is-position-top-right wp-container-content-ceb7f5b3 wp-duotone-grayscale\" style=\"padding-top:4vw;padding-right:4vw;padding-bottom:4vw;padding-left:4vw;min-height:680px;aspect-ratio:unset;\"><span aria-hidden=\"true\" class=\"wp-block-cover__background has-background-dim\" style=\"background-color:#959ea2\"><\/span><img loading=\"lazy\" decoding=\"async\" width=\"1137\" height=\"1217\" class=\"wp-block-cover__image-background wp-image-97\" alt=\"\" src=\"https:\/\/env2.m-intra.ovh\/wp-content\/uploads\/2025\/02\/Image2.png\" data-object-fit=\"cover\" srcset=\"https:\/\/env2.m-intra.ovh\/wp-content\/uploads\/2025\/02\/Image2.png 1137w, https:\/\/env2.m-intra.ovh\/wp-content\/uploads\/2025\/02\/Image2-280x300.png 280w, https:\/\/env2.m-intra.ovh\/wp-content\/uploads\/2025\/02\/Image2-957x1024.png 957w, https:\/\/env2.m-intra.ovh\/wp-content\/uploads\/2025\/02\/Image2-768x822.png 768w\" sizes=\"auto, (max-width: 767px) 89vw, (max-width: 1000px) 54vw, (max-width: 1071px) 543px, 580px\" \/><div class=\"wp-block-cover__inner-container is-layout-flow wp-block-cover-is-layout-flow\">\n<p class=\"has-text-align-center has-large-font-size\"><\/p>\n<\/div><\/div>\n\n\n\n<p><strong>Cr\u00e9ation de l&rsquo;entreprise <\/strong><br>1927 de MEIKO Allemagne \u00e0 Offenburg <br>1993 de MEIKO France \u00e0 Coll\u00e9gien<\/p>\n\n\n\n<p><strong>Fondateurs de l\u2019entreprise<\/strong><br>Ing. Oskar Meier, Franz Konrad<\/p>\n\n\n\n<p><strong>Propri\u00e9taires<\/strong><br>Fondation Oskar et Rosel Meier<\/p>\n\n\n\n<p><strong>Employ\u00e9s<\/strong><br>115 collaborateurs en France<br>2 789 collaborateurs dans le groupe<br><\/p>\n\n\n\n<p>Pour plus d&rsquo;information, venez d\u00e9couvrir notre site internet d\u00e9taill\u00e9 : <a href=\"https:\/\/www.meiko.com\/fr-fr\/lentreprise\/le-groupe-meiko\/historie\">https:\/\/www.meiko.com\/fr-fr\/lentreprise\/le-groupe-meiko\/historie<\/a><\/p>\n\n\n\n<p><\/p>\n","protected":false},"excerpt":{"rendered":"<p>MEIKO FRANCE NOTRE HISTOIRE WILKOMMEN Cr\u00e9ation de l&rsquo;entreprise 1927 de MEIKO Allemagne \u00e0 Offenburg 1993 de MEIKO France \u00e0 Coll\u00e9gien Fondateurs de l\u2019entrepriseIng. Oskar Meier, Franz Konrad Propri\u00e9tairesFondation Oskar et Rosel Meier Employ\u00e9s115 collaborateurs en France2 789 collaborateurs dans le groupe Pour plus d&rsquo;information, venez d\u00e9couvrir notre site internet d\u00e9taill\u00e9 : https:\/\/www.meiko.com\/fr-fr\/lentreprise\/le-groupe-meiko\/historie<\/p>\n","protected":false},"author":2,"featured_media":186,"parent":21,"menu_order":0,"comment_status":"closed","ping_status":"closed","template":"","meta":{"footnotes":""},"class_list":["post-135","page","type-page","status-publish","has-post-thumbnail","hentry"],"_links":{"self":[{"href":"https:\/\/env2.m-intra.ovh\/index.php\/wp-json\/wp\/v2\/pages\/135","targetHints":{"allow":["GET"]}}],"collection":[{"href":"https:\/\/env2.m-intra.ovh\/index.php\/wp-json\/wp\/v2\/pages"}],"about":[{"href":"https:\/\/env2.m-intra.ovh\/index.php\/wp-json\/wp\/v2\/types\/page"}],"author":[{"embeddable":true,"href":"https:\/\/env2.m-intra.ovh\/index.php\/wp-json\/wp\/v2\/users\/2"}],"replies":[{"embeddable":true,"href":"https:\/\/env2.m-intra.ovh\/index.php\/wp-json\/wp\/v2\/comments?post=135"}],"version-history":[{"count":4,"href":"https:\/\/env2.m-intra.ovh\/index.php\/wp-json\/wp\/v2\/pages\/135\/revisions"}],"predecessor-version":[{"id":263,"href":"https:\/\/env2.m-intra.ovh\/index.php\/wp-json\/wp\/v2\/pages\/135\/revisions\/263"}],"up":[{"embeddable":true,"href":"https:\/\/env2.m-intra.ovh\/index.php\/wp-json\/wp\/v2\/pages\/21"}],"wp:featuredmedia":[{"embeddable":true,"href":"https:\/\/env2.m-intra.ovh\/index.php\/wp-json\/wp\/v2\/media\/186"}],"wp:attachment":[{"href":"https:\/\/env2.m-intra.ovh\/index.php\/wp-json\/wp\/v2\/media?parent=135"}],"curies":[{"name":"wp","href":"https:\/\/api.w.org\/{rel}","templated":true}]}}